{"id":294,"date":"2025-12-09T15:09:06","date_gmt":"2025-12-09T14:09:06","guid":{"rendered":"https:\/\/ascheidl.hak-digital.at\/?page_id=294"},"modified":"2026-01-13T11:51:03","modified_gmt":"2026-01-13T10:51:03","slug":"handgeraete","status":"publish","type":"page","link":"https:\/\/ascheidl.hak-digital.at\/?page_id=294","title":{"rendered":"Handger\u00e4te"},"content":{"rendered":"\n<p class=\"has-text-align-center has-light-color has-dark-background-color has-text-color has-background has-link-color wp-elements-d71fdaeea9cd23d7531a1b77b8279303\" style=\"font-size:20px\"><strong>Reifen, Ball, Keule, Band, (Seil)<\/strong><\/p>\n\n\n\n<p class=\"has-text-align-center has-headings-color has-text-color has-link-color wp-elements-c1951c9d6e1f53c78c0af358a2364b49\">Es gibt verschiedene Marken f\u00fcr die Ger\u00e4te (Sasaki, Venturelli, Pastorelli, Chacott).<\/p>\n\n\n\n<p class=\"has-headings-color has-background-light-background-color has-text-color has-background has-link-color wp-elements-7f56df911e29d4665c99a921a3afe0e7\" style=\"font-size:18px\"><strong>Reifen<\/strong>:<\/p>\n\n\n\n<p class=\"has-headings-color has-text-color has-link-color wp-elements-7ac4d12e24de06f7fec3e6da93b9c671\">Je nach K\u00f6rpergr\u00f6\u00dfe muss man die richtige Reifengr\u00f6\u00dfe kaufen. Bei jeder Gymnastin sollte der Reifen bis zur H\u00fcfte reichen.<\/p>\n\n\n\n<p class=\"has-headings-color has-background-light-background-color has-text-color has-background has-link-color wp-elements-e040731abce97f14847250421747bc8a\" style=\"font-size:18px\"><strong>Ball:<\/strong><\/p>\n\n\n\n<p class=\"has-headings-color has-text-color has-link-color wp-elements-f8d6eea1520083f91beabee8a70abe3c\"><strong> Auch bei einem Ball gibt es verschiedene Gr\u00f6\u00dfen.<\/strong><\/p>\n\n\n\n<p class=\"has-headings-color has-background-light-background-color has-text-color has-background has-link-color wp-elements-a6c282c61bb2fc66302218f16c60d07a\" style=\"font-size:18px\"><strong>Keulen<\/strong>:<\/p>\n\n\n\n<p class=\"has-headings-color has-text-color has-link-color wp-elements-dc213464358fdc45e5ceefeba5839aab\">Hier gibt es zwei verschiedene Arten von Keulen. (Gummi und Hartplastik). Wenn man die Keulen in der Hand h\u00e4lt, muss sie bis zu Ellenbeuge gehen.<\/p>\n\n\n\n<p class=\"has-headings-color has-background-light-background-color has-text-color has-background has-link-color wp-elements-53a0e7bfbf40a8efdd7ab1508bd5cca2\" style=\"font-size:18px\"><strong>Band<\/strong>:<\/p>\n\n\n\n<p class=\"has-headings-color has-text-color has-link-color wp-elements-18406beae8171d45ffd3339da56113ee\">Bei den Junioren gibt es die 5 m langen B\u00e4ndern und bei den Senioren 6 m lange.<\/p>\n\n\n\n<p class=\"has-text-align-center has-light-color has-dark-background-color has-text-color has-background has-link-color wp-elements-c3fc55a38ddbaa60727861eed87ad04c\">Bei FIG Wettk\u00e4mpfen muss jedes Ger\u00e4t das FIG Logo haben, damit man wei\u00df das es den Standards entspricht.<\/p>\n\n\n\n\n","protected":false},"excerpt":{"rendered":"<p>Reifen, Ball, Keule, Band, (Seil) Es gibt verschiedene Marken f\u00fcr die Ger\u00e4te (Sasaki, Venturelli, Pastorelli, Chacott). Reifen: Je nach K\u00f6rpergr\u00f6\u00dfe muss man die richtige Reifengr\u00f6\u00dfe kaufen. Bei jeder Gymnastin sollte der Reifen bis zur H\u00fcfte reichen. Ball: Auch bei einem Ball gibt es verschiedene Gr\u00f6\u00dfen. Keulen: Hier gibt es zwei verschiedene Arten von Keulen. (Gummi [&hellip;]<\/p>\n","protected":false},"author":1,"featured_media":0,"parent":0,"menu_order":0,"comment_status":"closed","ping_status":"closed","template":"","meta":{"saved_in_kubio":true,"footnotes":""},"class_list":["post-294","page","type-page","status-publish","hentry"],"kubio_ai_page_context":{"short_desc":"","purpose":"general"},"_links":{"self":[{"href":"https:\/\/ascheidl.hak-digital.at\/index.php?rest_route=\/wp\/v2\/pages\/294","targetHints":{"allow":["GET"]}}],"collection":[{"href":"https:\/\/ascheidl.hak-digital.at\/index.php?rest_route=\/wp\/v2\/pages"}],"about":[{"href":"https:\/\/ascheidl.hak-digital.at\/index.php?rest_route=\/wp\/v2\/types\/page"}],"author":[{"embeddable":true,"href":"https:\/\/ascheidl.hak-digital.at\/index.php?rest_route=\/wp\/v2\/users\/1"}],"replies":[{"embeddable":true,"href":"https:\/\/ascheidl.hak-digital.at\/index.php?rest_route=%2Fwp%2Fv2%2Fcomments&post=294"}],"version-history":[{"count":9,"href":"https:\/\/ascheidl.hak-digital.at\/index.php?rest_route=\/wp\/v2\/pages\/294\/revisions"}],"predecessor-version":[{"id":373,"href":"https:\/\/ascheidl.hak-digital.at\/index.php?rest_route=\/wp\/v2\/pages\/294\/revisions\/373"}],"wp:attachment":[{"href":"https:\/\/ascheidl.hak-digital.at\/index.php?rest_route=%2Fwp%2Fv2%2Fmedia&parent=294"}],"curies":[{"name":"wp","href":"https:\/\/api.w.org\/{rel}","templated":true}]}}